{"id":27,"date":"2024-08-22T09:22:55","date_gmt":"2024-08-22T01:22:55","guid":{"rendered":"http:\/\/127.0.0.4\/?page_id=27"},"modified":"2024-08-26T13:46:34","modified_gmt":"2024-08-26T05:46:34","slug":"about","status":"publish","type":"page","link":"https:\/\/xinghuacasting.com\/pt\/about\/","title":{"rendered":"Acerca de"},"content":{"rendered":"<div data-elementor-type=\"wp-page\" data-elementor-id=\"27\" class=\"elementor elementor-27\" data-elementor-post-type=\"page\">\n\t\t\t\t<div class=\"elementor-element elementor-element-11cb38c e-con-full e-flex e-con e-parent\" data-id=\"11cb38c\" data-element_type=\"container\" data-settings=\"{&quot;ekit_has_onepagescroll_dot&quot;:&quot;yes&quot;}\">\n\t\t<div class=\"elementor-element elementor-element-443d92e e-flex e-con-boxed e-con e-child\" data-id=\"443d92e\" data-element_type=\"container\" data-settings=\"{&quot;ekit_has_onepagescroll_dot&quot;:&quot;yes&quot;}\">\n\t\t\t\t\t<div class=\"e-con-inner\">\n\t\t\t\t<div class=\"elementor-element elementor-element-970f785 elementor-widget elementor-widget-heading\" data-id=\"970f785\" data-element_type=\"widget\" data-settings=\"{&quot;ekit_we_effect_on&quot;:&quot;none&quot;}\" data-widget_type=\"heading.default\">\n\t\t\t\t<div class=\"elementor-widget-container\">\n\t\t\t\t\t<p class=\"elementor-heading-title elementor-size-default\"><a href=\"https:\/\/xinghuacasting.com\/pt\">Hogar<\/a><\/p>\t\t\t\t<\/div>\n\t\t\t\t<\/div>\n\t\t\t\t<div class=\"elementor-element elementor-element-68460f7 elementor-view-default elementor-widget elementor-widget-icon\" data-id=\"68460f7\" data-element_type=\"widget\" data-settings=\"{&quot;ekit_we_effect_on&quot;:&quot;none&quot;}\" data-widget_type=\"icon.default\">\n\t\t\t\t<div class=\"elementor-widget-container\">\n\t\t\t\t\t\t\t<div class=\"elementor-icon-wrapper\">\n\t\t\t<div class=\"elementor-icon\">\n\t\t\t<svg aria-hidden=\"true\" class=\"e-font-icon-svg e-fas-angle-right\" viewbox=\"0 0 256 512\" xmlns=\"http:\/\/www.w3.org\/2000\/svg\"><path d=\"M224.3 273l-136 136c-9.4 9.4-24.6 9.4-33.9 0l-22.6-22.6c-9.4-9.4-9.4-24.6 0-33.9l96.4-96.4-96.4-96.4c-9.4-9.4-9.4-24.6 0-33.9L54.3 103c9.4-9.4 24.6-9.4 33.9 0l136 136c9.5 9.4 9.5 24.6.1 34z\"><\/path><\/svg>\t\t\t<\/div>\n\t\t<\/div>\n\t\t\t\t\t\t<\/div>\n\t\t\t\t<\/div>\n\t\t\t\t\t<\/div>\n\t\t\t\t<\/div>\n\t\t<div class=\"elementor-element elementor-element-e08a330 e-flex e-con-boxed e-con e-child\" data-id=\"e08a330\" data-element_type=\"container\" data-settings=\"{&quot;ekit_has_onepagescroll_dot&quot;:&quot;yes&quot;}\">\n\t\t\t\t\t<div class=\"e-con-inner\">\n\t\t\t\t<div class=\"elementor-element elementor-element-3665299 elementor-widget elementor-widget-heading\" data-id=\"3665299\" data-element_type=\"widget\" data-settings=\"{&quot;ekit_we_effect_on&quot;:&quot;none&quot;}\" data-widget_type=\"heading.default\">\n\t\t\t\t<div class=\"elementor-widget-container\">\n\t\t\t\t\t<h2 class=\"elementor-heading-title elementor-size-default\">Shandong Xinghua Casting Co., Ltd\u2014\u2014Fabricante profesional de tapas de registro y rejillas de drenaje.<\/h2>\t\t\t\t<\/div>\n\t\t\t\t<\/div>\n\t\t\t\t<div class=\"elementor-element elementor-element-3d28173 dpp elementor-widget elementor-widget-text-editor\" data-id=\"3d28173\" data-element_type=\"widget\" data-settings=\"{&quot;ekit_we_effect_on&quot;:&quot;none&quot;}\" data-widget_type=\"text-editor.default\">\n\t\t\t\t<div class=\"elementor-widget-container\">\n\t\t\t\t\t\t\t\t\t<p>Shandong Xinghua Casting Co., Ltd es una empresa de fundici\u00f3n con m\u00e1s de 20 a\u00f1os de experiencia en fundici\u00f3n. Ubicada en la ciudad de Weifang, provincia de Shandong, China, estamos cerca del puerto de Pek\u00edn y Qingdao. Desde el establecimiento, nos hemos centrado en la producci\u00f3n de fundici\u00f3n de hierro nodular. Producimos principalmente tapas de alcantarilla de hierro d\u00factil, tuber\u00edas de rejilla de agua y accesorios de tuber\u00eda.<\/p><p>En 2018, realizamos una reforma, por lo tanto, alcanzamos el est\u00e1ndar de empresa y el l\u00edmite de emisi\u00f3n de fundici\u00f3n ecol\u00f3gica. Somos una &#8220;empresa de fundici\u00f3n ecol\u00f3gica&#8221;, con un \u00e1rea de 33.000 metros cuadrados, una l\u00ednea vertical y una l\u00ednea horizontal, y una l\u00ednea de inmersi\u00f3n. Hay m\u00e1s de 90 empleados, incluidos 3 t\u00e9cnicos, 3 empleados de laboratorio y 5 inspectores. La productividad anual alcanza las 12.000 toneladas.<\/p><p>Shandong Xinghua Casting Co., Ltd es una empresa altamente especializada. Desde el dise\u00f1o del producto, la compra, la producci\u00f3n, la venta, el estricto control de calidad, prestando m\u00e1s atenci\u00f3n a los detalles, tratando de ser los mejores. Tenemos un gran sistema de ventas y servicio, tecnolog\u00eda avanzada, grupo de dise\u00f1o especial. Prestamos m\u00e1s atenci\u00f3n, as\u00ed como el servicio de pre-venta, venta y posventa. Desde el dise\u00f1o del producto, la fabricaci\u00f3n de moldes, la inspecci\u00f3n de muestras, la producci\u00f3n de prueba de lotes peque\u00f1os y la producci\u00f3n en masa, las materias primas y los accesorios en la f\u00e1brica, la fundici\u00f3n, el modelado, la fundici\u00f3n, la limpieza de la fundici\u00f3n, el almacenamiento y el servicio posventa, tenemos un sistema de garant\u00eda de calidad adecuado, y hemos pasado la certificaci\u00f3n del sistema de calidad en 2000, as\u00ed como la \u00faltima versi\u00f3n de la certificaci\u00f3n del sistema de gesti\u00f3n de calidad ISO 9001:2015 en 2017 para asegurarnos de alcanzar los requisitos de los clientes para los productos. Despu\u00e9s de a\u00f1os de esfuerzos, hemos ganado una amplia confianza y elogios en la regi\u00f3n y la industria. Nuestros productos se exportan a m\u00e1s de 20 pa\u00edses, entre ellos Alemania, Canad\u00e1, Estados Unidos, Italia, Espa\u00f1a, Portugal, Gran Breta\u00f1a, Chile, Polonia, Marruecos, Serbia, L\u00edbano, Sri Lanka, Nigeria, etc. Creemos en la &#8220;calidad para la supervivencia&#8221;, por lo que seguiremos adhiri\u00e9ndonos a nuestra filosof\u00eda empresarial de &#8220;integraci\u00f3n y orientaci\u00f3n al servicio&#8221;.<\/p>\t\t\t\t\t\t\t\t<\/div>\n\t\t\t\t<\/div>\n\t\t\t\t\t<\/div>\n\t\t\t\t<\/div>\n\t\t\t\t<\/div>\n\t\t\t\t<\/div>","protected":false},"excerpt":{"rendered":"<p>Hogar Shandong Xinghua Casting Co., Ltd\u2014\u2014Fabricante profesional de tapas de registro y rejillas de drenaje. Shandong Xinghua Casting Co., Ltd es una empresa de fundici\u00f3n con m\u00e1s de 20 a\u00f1os de experiencia en fundici\u00f3n. Ubicada en la ciudad de Weifang, provincia de Shandong, China, estamos cerca del puerto de Pek\u00edn y Qingdao. Desde el establecimiento, [&hellip;]<\/p>","protected":false},"author":1,"featured_media":0,"parent":0,"menu_order":0,"comment_status":"closed","ping_status":"closed","template":"","meta":{"footnotes":""},"class_list":["post-27","page","type-page","status-publish","hentry"],"_links":{"self":[{"href":"https:\/\/xinghuacasting.com\/pt\/wp-json\/wp\/v2\/pages\/27","targetHints":{"allow":["GET"]}}],"collection":[{"href":"https:\/\/xinghuacasting.com\/pt\/wp-json\/wp\/v2\/pages"}],"about":[{"href":"https:\/\/xinghuacasting.com\/pt\/wp-json\/wp\/v2\/types\/page"}],"author":[{"embeddable":true,"href":"https:\/\/xinghuacasting.com\/pt\/wp-json\/wp\/v2\/users\/1"}],"replies":[{"embeddable":true,"href":"https:\/\/xinghuacasting.com\/pt\/wp-json\/wp\/v2\/comments?post=27"}],"version-history":[{"count":0,"href":"https:\/\/xinghuacasting.com\/pt\/wp-json\/wp\/v2\/pages\/27\/revisions"}],"wp:attachment":[{"href":"https:\/\/xinghuacasting.com\/pt\/wp-json\/wp\/v2\/media?parent=27"}],"curies":[{"name":"wp","href":"https:\/\/api.w.org\/{rel}","templated":true}]}}