{"id":3,"date":"2024-08-21T13:54:38","date_gmt":"2024-08-21T05:54:38","guid":{"rendered":"http:\/\/127.0.0.4\/?page_id=3"},"modified":"2024-09-12T03:09:17","modified_gmt":"2024-09-12T07:09:17","slug":"privacy-policy","status":"publish","type":"page","link":"https:\/\/xinghuacasting.com\/pt\/privacy-policy\/","title":{"rendered":"pol\u00edtica de privacidad"},"content":{"rendered":"<div data-elementor-type=\"wp-page\" data-elementor-id=\"3\" class=\"elementor elementor-3\" data-elementor-post-type=\"page\">\n\t\t\t\t<div class=\"elementor-element elementor-element-1f812a19 e-flex e-con-boxed e-con e-parent\" data-id=\"1f812a19\" data-element_type=\"container\" data-settings=\"{&quot;ekit_has_onepagescroll_dot&quot;:&quot;yes&quot;}\">\n\t\t\t\t\t<div class=\"e-con-inner\">\n\t\t<div class=\"elementor-element elementor-element-1ccf6c0c e-flex e-con-boxed e-con e-child\" data-id=\"1ccf6c0c\" data-element_type=\"container\" data-settings=\"{&quot;ekit_has_onepagescroll_dot&quot;:&quot;yes&quot;}\">\n\t\t\t\t\t<div class=\"e-con-inner\">\n\t\t\t\t<div class=\"elementor-element elementor-element-488ffbd2 elementor-widget elementor-widget-heading\" data-id=\"488ffbd2\" data-element_type=\"widget\" data-settings=\"{&quot;ekit_we_effect_on&quot;:&quot;none&quot;}\" data-widget_type=\"heading.default\">\n\t\t\t\t<div class=\"elementor-widget-container\">\n\t\t\t\t\t<p class=\"elementor-heading-title elementor-size-default\"><a href=\"https:\/\/xinghuacasting.com\/pt\">Hogar<\/a><\/p>\t\t\t\t<\/div>\n\t\t\t\t<\/div>\n\t\t\t\t<div class=\"elementor-element elementor-element-245e6847 elementor-view-default elementor-widget elementor-widget-icon\" data-id=\"245e6847\" data-element_type=\"widget\" data-settings=\"{&quot;ekit_we_effect_on&quot;:&quot;none&quot;}\" data-widget_type=\"icon.default\">\n\t\t\t\t<div class=\"elementor-widget-container\">\n\t\t\t\t\t\t\t<div class=\"elementor-icon-wrapper\">\n\t\t\t<div class=\"elementor-icon\">\n\t\t\t<svg aria-hidden=\"true\" class=\"e-font-icon-svg e-fas-angle-right\" viewbox=\"0 0 256 512\" xmlns=\"http:\/\/www.w3.org\/2000\/svg\"><path d=\"M224.3 273l-136 136c-9.4 9.4-24.6 9.4-33.9 0l-22.6-22.6c-9.4-9.4-9.4-24.6 0-33.9l96.4-96.4-96.4-96.4c-9.4-9.4-9.4-24.6 0-33.9L54.3 103c9.4-9.4 24.6-9.4 33.9 0l136 136c9.5 9.4 9.5 24.6.1 34z\"><\/path><\/svg>\t\t\t<\/div>\n\t\t<\/div>\n\t\t\t\t\t\t<\/div>\n\t\t\t\t<\/div>\n\t\t\t\t\t<\/div>\n\t\t\t\t<\/div>\n\t\t<div class=\"elementor-element elementor-element-47940505 e-flex e-con-boxed e-con e-child\" data-id=\"47940505\" data-element_type=\"container\" data-settings=\"{&quot;ekit_has_onepagescroll_dot&quot;:&quot;yes&quot;}\">\n\t\t\t\t\t<div class=\"e-con-inner\">\n\t\t\t\t<div class=\"elementor-element elementor-element-6763a1f elementor-widget elementor-widget-text-editor\" data-id=\"6763a1f\" data-element_type=\"widget\" data-settings=\"{&quot;ekit_we_effect_on&quot;:&quot;none&quot;}\" data-widget_type=\"text-editor.default\">\n\t\t\t\t<div class=\"elementor-widget-container\">\n\t\t\t\t\t\t\t\t\t<h2>Introducci\u00f3n<\/h2><p>Bienvenido a [<a href=\"https:\/\/xinghuacasting.com\/pt\/\">www.xinghuacasting.com<\/a>] (\u201cnosotros\u201d, \u201cnuestro\u201d, \u201ceste sitio web\u201d). Valoramos mucho su privacidad y la protecci\u00f3n de su informaci\u00f3n personal. Este documento explica en detalle c\u00f3mo recopilamos, usamos, compartimos y protegemos su informaci\u00f3n personal. Al usar este sitio web, usted acepta los t\u00e9rminos de esta Pol\u00edtica de privacidad.<\/p><h3>1. Recopilaci\u00f3n de informaci\u00f3n<\/h3><p>Podemos recopilar los siguientes tipos de informaci\u00f3n:<\/p><p>1.1. Informaci\u00f3n de identificaci\u00f3n personal: como su nombre, direcci\u00f3n de correo electr\u00f3nico, n\u00famero de tel\u00e9fono, etc., que proporciona cuando registra una cuenta o completa un formulario de contacto.<\/p><p>1.2. Informaci\u00f3n de identificaci\u00f3n no personal: incluido el tipo de navegador, los tiempos de acceso, las p\u00e1ginas vistas, etc., recopiladas autom\u00e1ticamente a trav\u00e9s de cookies y tecnolog\u00edas similares.<\/p><p>1.3. Otra informaci\u00f3n: informaci\u00f3n adicional que proporciona voluntariamente, como comentarios y respuestas a encuestas.<\/p><h3>2. Uso de la informaci\u00f3n<\/h3><p>La informaci\u00f3n que recopilamos se utilizar\u00e1 para los siguientes fines:<\/p><p>2.1. Proporcionar y mantener nuestros servicios.<\/p><p>2.2. Mejorar la experiencia del usuario y la funcionalidad del sitio web.<\/p><p>2.3. Procesar sus solicitudes y comentarios.<\/p><p>2.4. Enviarle informaci\u00f3n promocional y otras comunicaciones relevantes (si corresponde).<\/p><p>2.5. Cumplir con los requisitos legales y reglamentarios.<\/p><h3>3. Intercambio de informaci\u00f3n<\/h3><p>No venderemos, alquilaremos ni comercializaremos su informaci\u00f3n personal con terceros. Sin embargo, podemos compartir su informaci\u00f3n en las siguientes circunstancias:<\/p><p>3.1. Cuando tengamos su consentimiento.<\/p><p>3.2. A proveedores de servicios externos de confianza para brindar nuestros servicios.<\/p><p>3.3. Para cumplir con los requisitos legales o responder a procesos legales.<\/p><p>3.4. Para proteger nuestros derechos y seguridad, as\u00ed como los derechos y la seguridad de nuestros usuarios o del p\u00fablico.<\/p><h3>4. Seguridad de la informaci\u00f3n<\/h3><p>Tomamos medidas razonables para proteger su informaci\u00f3n personal del acceso, uso o divulgaci\u00f3n no autorizados. Sin embargo, ning\u00fan m\u00e9todo de transmisi\u00f3n a trav\u00e9s de Internet o m\u00e9todo de almacenamiento electr\u00f3nico es 100% seguro y no podemos garantizar una seguridad absoluta.<\/p><h3>5. Sus derechos<\/h3><p>De acuerdo con las leyes aplicables, usted puede tener los siguientes derechos:<\/p><p>5.1. Acceder y actualizar su informaci\u00f3n personal.<\/p><p>5.2. Solicitar la eliminaci\u00f3n de su informaci\u00f3n personal.<\/p><p>5.3. Retirar su consentimiento para que utilicemos su informaci\u00f3n personal.<\/p><p>5.4. Oponerse o restringir nuestro procesamiento de su informaci\u00f3n personal.<\/p><p>5.5. Presentar una queja ante una autoridad de protecci\u00f3n de datos.<\/p><h3>6. Privacidad de los ni\u00f1os<\/h3><p>Nuestro sitio web no est\u00e1 destinado a ni\u00f1os menores de 13 a\u00f1os y no recopilamos deliberadamente informaci\u00f3n personal de ni\u00f1os menores de 13 a\u00f1os. Si cree que podr\u00edamos tener informaci\u00f3n personal de un ni\u00f1o menor de 13 a\u00f1os, comun\u00edquese con nosotros y eliminaremos dicha informaci\u00f3n de inmediato.<\/p><h3>7. Cambios a esta Pol\u00edtica de privacidad<\/h3><p>Podemos actualizar esta Pol\u00edtica de privacidad de vez en cuando. Publicaremos cualquier cambio a esta Pol\u00edtica de privacidad en esta p\u00e1gina y le notificaremos antes de que entren en vigencia. Le recomendamos que revise esta Pol\u00edtica de privacidad peri\u00f3dicamente para mantenerse informado de cualquier actualizaci\u00f3n.<\/p><h3>8. Cont\u00e1ctenos<\/h3><p>Si tiene alguna pregunta o inquietud sobre esta Pol\u00edtica de privacidad, comun\u00edquese con nosotros a:<\/p><p>Correo electr\u00f3nico: annama@xinghuacasting.cn<\/p>\t\t\t\t\t\t\t\t<\/div>\n\t\t\t\t<\/div>\n\t\t\t\t\t<\/div>\n\t\t\t\t<\/div>\n\t\t\t\t\t<\/div>\n\t\t\t\t<\/div>\n\t\t\t\t<\/div>","protected":false},"excerpt":{"rendered":"<p>Hogar Introducci\u00f3n Bienvenido a [www.xinghuacasting.com] (\u201cnosotros\u201d, \u201cnuestro\u201d, \u201ceste sitio web\u201d). Valoramos mucho su privacidad y la protecci\u00f3n de su informaci\u00f3n personal. Este documento explica en detalle c\u00f3mo recopilamos, usamos, compartimos y protegemos su informaci\u00f3n personal. Al usar este sitio web, usted acepta los t\u00e9rminos de esta Pol\u00edtica de privacidad. 1. Recopilaci\u00f3n de informaci\u00f3n Podemos recopilar [&hellip;]<\/p>","protected":false},"author":1,"featured_media":0,"parent":0,"menu_order":0,"comment_status":"closed","ping_status":"open","template":"","meta":{"footnotes":""},"class_list":["post-3","page","type-page","status-publish","hentry"],"_links":{"self":[{"href":"https:\/\/xinghuacasting.com\/pt\/wp-json\/wp\/v2\/pages\/3","targetHints":{"allow":["GET"]}}],"collection":[{"href":"https:\/\/xinghuacasting.com\/pt\/wp-json\/wp\/v2\/pages"}],"about":[{"href":"https:\/\/xinghuacasting.com\/pt\/wp-json\/wp\/v2\/types\/page"}],"author":[{"embeddable":true,"href":"https:\/\/xinghuacasting.com\/pt\/wp-json\/wp\/v2\/users\/1"}],"replies":[{"embeddable":true,"href":"https:\/\/xinghuacasting.com\/pt\/wp-json\/wp\/v2\/comments?post=3"}],"version-history":[{"count":13,"href":"https:\/\/xinghuacasting.com\/pt\/wp-json\/wp\/v2\/pages\/3\/revisions"}],"predecessor-version":[{"id":1772,"href":"https:\/\/xinghuacasting.com\/pt\/wp-json\/wp\/v2\/pages\/3\/revisions\/1772"}],"wp:attachment":[{"href":"https:\/\/xinghuacasting.com\/pt\/wp-json\/wp\/v2\/media?parent=3"}],"curies":[{"name":"wp","href":"https:\/\/api.w.org\/{rel}","templated":true}]}}