{"id":431,"date":"2024-08-26T17:57:41","date_gmt":"2024-08-26T09:57:41","guid":{"rendered":"http:\/\/127.0.0.4\/?page_id=431"},"modified":"2024-09-18T22:24:36","modified_gmt":"2024-09-19T02:24:36","slug":"blog","status":"publish","type":"page","link":"https:\/\/xinghuacasting.com\/pt\/blog\/","title":{"rendered":"Blog"},"content":{"rendered":"<div data-elementor-type=\"wp-page\" data-elementor-id=\"431\" class=\"elementor elementor-431\" data-elementor-post-type=\"page\">\n\t\t\t\t<div class=\"elementor-element elementor-element-9c452a6 e-con-full e-flex e-con e-parent\" data-id=\"9c452a6\" data-element_type=\"container\" data-settings=\"{&quot;ekit_has_onepagescroll_dot&quot;:&quot;yes&quot;}\">\n\t\t<div class=\"elementor-element elementor-element-68ec496 e-flex e-con-boxed e-con e-child\" data-id=\"68ec496\" data-element_type=\"container\" data-settings=\"{&quot;ekit_has_onepagescroll_dot&quot;:&quot;yes&quot;}\">\n\t\t\t\t\t<div class=\"e-con-inner\">\n\t\t\t\t<div class=\"elementor-element elementor-element-506c7e4 elementor-widget elementor-widget-heading\" data-id=\"506c7e4\" data-element_type=\"widget\" data-settings=\"{&quot;ekit_we_effect_on&quot;:&quot;none&quot;}\" data-widget_type=\"heading.default\">\n\t\t\t\t<div class=\"elementor-widget-container\">\n\t\t\t\t\t<p class=\"elementor-heading-title elementor-size-default\"><a href=\"https:\/\/xinghuacasting.com\/pt\">Hogar<\/a><\/p>\t\t\t\t<\/div>\n\t\t\t\t<\/div>\n\t\t\t\t<div class=\"elementor-element elementor-element-a08b753 elementor-view-default elementor-widget elementor-widget-icon\" data-id=\"a08b753\" data-element_type=\"widget\" data-settings=\"{&quot;ekit_we_effect_on&quot;:&quot;none&quot;}\" data-widget_type=\"icon.default\">\n\t\t\t\t<div class=\"elementor-widget-container\">\n\t\t\t\t\t\t\t<div class=\"elementor-icon-wrapper\">\n\t\t\t<div class=\"elementor-icon\">\n\t\t\t<svg aria-hidden=\"true\" class=\"e-font-icon-svg e-fas-angle-right\" viewbox=\"0 0 256 512\" xmlns=\"http:\/\/www.w3.org\/2000\/svg\"><path d=\"M224.3 273l-136 136c-9.4 9.4-24.6 9.4-33.9 0l-22.6-22.6c-9.4-9.4-9.4-24.6 0-33.9l96.4-96.4-96.4-96.4c-9.4-9.4-9.4-24.6 0-33.9L54.3 103c9.4-9.4 24.6-9.4 33.9 0l136 136c9.5 9.4 9.5 24.6.1 34z\"><\/path><\/svg>\t\t\t<\/div>\n\t\t<\/div>\n\t\t\t\t\t\t<\/div>\n\t\t\t\t<\/div>\n\t\t\t\t\t<\/div>\n\t\t\t\t<\/div>\n\t\t<div class=\"elementor-element elementor-element-6d659d0 e-flex e-con-boxed e-con e-child\" data-id=\"6d659d0\" data-element_type=\"container\" data-settings=\"{&quot;ekit_has_onepagescroll_dot&quot;:&quot;yes&quot;}\">\n\t\t\t\t\t<div class=\"e-con-inner\">\n\t\t\t\t<div class=\"elementor-element elementor-element-e805fa5 elementor-grid-1 mypost elementor-grid-tablet-2 elementor-grid-mobile-1 elementor-posts--thumbnail-top elementor-widget elementor-widget-posts\" data-id=\"e805fa5\" data-element_type=\"widget\" data-settings=\"{&quot;pagination_type&quot;:&quot;numbers_and_prev_next&quot;,&quot;classic_columns&quot;:&quot;1&quot;,&quot;classic_columns_tablet&quot;:&quot;2&quot;,&quot;classic_columns_mobile&quot;:&quot;1&quot;,&quot;classic_row_gap&quot;:{&quot;unit&quot;:&quot;px&quot;,&quot;size&quot;:35,&quot;sizes&quot;:[]},&quot;classic_row_gap_tablet&quot;:{&quot;unit&quot;:&quot;px&quot;,&quot;size&quot;:&quot;&quot;,&quot;sizes&quot;:[]},&quot;classic_row_gap_mobile&quot;:{&quot;unit&quot;:&quot;px&quot;,&quot;size&quot;:&quot;&quot;,&quot;sizes&quot;:[]},&quot;ekit_we_effect_on&quot;:&quot;none&quot;}\" data-widget_type=\"posts.classic\">\n\t\t\t\t<div class=\"elementor-widget-container\">\n\t\t\t\t\t\t\t<div class=\"elementor-posts-container elementor-posts elementor-posts--skin-classic elementor-grid\">\n\t\t\t\t<article class=\"elementor-post elementor-grid-item post-3022 post type-post status-publish format-standard has-post-thumbnail hentry category-blog\">\n\t\t\t\t<a class=\"elementor-post__thumbnail__link\" href=\"https:\/\/xinghuacasting.com\/pt\/por-que-ventilacion-crucial-tapas-alcantarillas\/\" tabindex=\"-1\" >\n\t\t\t<div class=\"elementor-post__thumbnail\"><img fetchpriority=\"high\" decoding=\"async\" width=\"300\" height=\"279\" src=\"https:\/\/xinghuacasting.com\/wp-content\/uploads\/2026\/03\/image-4-300x279.png\" class=\"attachment-medium size-medium wp-image-3023\" alt=\"\" srcset=\"https:\/\/xinghuacasting.com\/wp-content\/uploads\/2026\/03\/image-4-300x279.png 300w, https:\/\/xinghuacasting.com\/wp-content\/uploads\/2026\/03\/image-4-13x12.png 13w, https:\/\/xinghuacasting.com\/wp-content\/uploads\/2026\/03\/image-4.png 449w\" sizes=\"(max-width: 300px) 100vw, 300px\" \/><\/div>\n\t\t<\/a>\n\t\t\t\t<div class=\"elementor-post__text\">\n\t\t\t\t<h3 class=\"elementor-post__title\">\n\t\t\t<a href=\"https:\/\/xinghuacasting.com\/pt\/por-que-ventilacion-crucial-tapas-alcantarillas\/\" >\n\t\t\t\tPor qu\u00e9 la ventilaci\u00f3n es crucial para las tapas de las alcantarillas de los sistemas de alcantarillado\t\t\t<\/a>\n\t\t<\/h3>\n\t\t\t\t<div class=\"elementor-post__meta-data\">\n\t\t\t\t\t<span class=\"elementor-post-date\">\n\t\t\t2026-03-20\t\t<\/span>\n\t\t\t\t<\/div>\n\t\t\t\t<div class=\"elementor-post__excerpt\">\n\t\t\t<p>Por qu\u00e9 la ventilaci\u00f3n es crucial para las tapas de alcantarillas: seguridad, control de gases y durabilidad en los sistemas de alcantarillado urbano.<\/p>\n\t\t<\/div>\n\t\t\n\t\t<a class=\"elementor-post__read-more\" href=\"https:\/\/xinghuacasting.com\/pt\/por-que-ventilacion-crucial-tapas-alcantarillas\/\" aria-label=\"Read more about Por qu\u00e9 la ventilaci\u00f3n es crucial para las tapas de las alcantarillas de los sistemas de alcantarillado\" tabindex=\"-1\" >\n\t\t\tRead More \u00bb\t\t<\/a>\n\n\t\t\t\t<\/div>\n\t\t\t\t<\/article>\n\t\t\t\t<article class=\"elementor-post elementor-grid-item post-3019 post type-post status-publish format-standard has-post-thumbnail hentry category-blog\">\n\t\t\t\t<a class=\"elementor-post__thumbnail__link\" href=\"https:\/\/xinghuacasting.com\/pt\/comprender-normas-en124-guia-infraestructuras\/\" tabindex=\"-1\" >\n\t\t\t<div class=\"elementor-post__thumbnail\"><img decoding=\"async\" width=\"300\" height=\"285\" src=\"https:\/\/xinghuacasting.com\/wp-content\/uploads\/2026\/03\/image-3-300x285.png\" class=\"attachment-medium size-medium wp-image-3020\" alt=\"\" srcset=\"https:\/\/xinghuacasting.com\/wp-content\/uploads\/2026\/03\/image-3-300x285.png 300w, https:\/\/xinghuacasting.com\/wp-content\/uploads\/2026\/03\/image-3-13x12.png 13w, https:\/\/xinghuacasting.com\/wp-content\/uploads\/2026\/03\/image-3.png 453w\" sizes=\"(max-width: 300px) 100vw, 300px\" \/><\/div>\n\t\t<\/a>\n\t\t\t\t<div class=\"elementor-post__text\">\n\t\t\t\t<h3 class=\"elementor-post__title\">\n\t\t\t<a href=\"https:\/\/xinghuacasting.com\/pt\/comprender-normas-en124-guia-infraestructuras\/\" >\n\t\t\t\tComprender las normas EN124: Una gu\u00eda para compradores de infraestructuras\t\t\t<\/a>\n\t\t<\/h3>\n\t\t\t\t<div class=\"elementor-post__meta-data\">\n\t\t\t\t\t<span class=\"elementor-post-date\">\n\t\t\t2026-03-19\t\t<\/span>\n\t\t\t\t<\/div>\n\t\t\t\t<div class=\"elementor-post__excerpt\">\n\t\t\t<p>Comprender las normas EN124: gu\u00eda esencial para compradores de infraestructuras, clasificaci\u00f3n de cargas y selecci\u00f3n de productos seguros.<\/p>\n\t\t<\/div>\n\t\t\n\t\t<a class=\"elementor-post__read-more\" href=\"https:\/\/xinghuacasting.com\/pt\/comprender-normas-en124-guia-infraestructuras\/\" aria-label=\"Read more about Comprender las normas EN124: Una gu\u00eda para compradores de infraestructuras\" tabindex=\"-1\" >\n\t\t\tRead More \u00bb\t\t<\/a>\n\n\t\t\t\t<\/div>\n\t\t\t\t<\/article>\n\t\t\t\t<article class=\"elementor-post elementor-grid-item post-3016 post type-post status-publish format-standard has-post-thumbnail hentry category-blog\">\n\t\t\t\t<a class=\"elementor-post__thumbnail__link\" href=\"https:\/\/xinghuacasting.com\/pt\/hierro-ductil-vs-hierro-fundido\/\" tabindex=\"-1\" >\n\t\t\t<div class=\"elementor-post__thumbnail\"><img decoding=\"async\" width=\"297\" height=\"300\" src=\"https:\/\/xinghuacasting.com\/wp-content\/uploads\/2026\/03\/image-2-297x300.png\" class=\"attachment-medium size-medium wp-image-3017\" alt=\"\" srcset=\"https:\/\/xinghuacasting.com\/wp-content\/uploads\/2026\/03\/image-2-297x300.png 297w, https:\/\/xinghuacasting.com\/wp-content\/uploads\/2026\/03\/image-2-12x12.png 12w, https:\/\/xinghuacasting.com\/wp-content\/uploads\/2026\/03\/image-2.png 467w\" sizes=\"(max-width: 297px) 100vw, 297px\" \/><\/div>\n\t\t<\/a>\n\t\t\t\t<div class=\"elementor-post__text\">\n\t\t\t\t<h3 class=\"elementor-post__title\">\n\t\t\t<a href=\"https:\/\/xinghuacasting.com\/pt\/hierro-ductil-vs-hierro-fundido\/\" >\n\t\t\t\tHierro d\u00factil vs. hierro fundido: por qu\u00e9 los proyectos globales prefieren el hierro d\u00factil\t\t\t<\/a>\n\t\t<\/h3>\n\t\t\t\t<div class=\"elementor-post__meta-data\">\n\t\t\t\t\t<span class=\"elementor-post-date\">\n\t\t\t2026-03-16\t\t<\/span>\n\t\t\t\t<\/div>\n\t\t\t\t<div class=\"elementor-post__excerpt\">\n\t\t\t<p>Hierro d\u00factil vs. hierro fundido: ventajas, diferencias y por qu\u00e9 el hierro d\u00factil domina los proyectos globales de infraestructura.<\/p>\n\t\t<\/div>\n\t\t\n\t\t<a class=\"elementor-post__read-more\" href=\"https:\/\/xinghuacasting.com\/pt\/hierro-ductil-vs-hierro-fundido\/\" aria-label=\"Read more about Hierro d\u00factil vs. hierro fundido: por qu\u00e9 los proyectos globales prefieren el hierro d\u00factil\" tabindex=\"-1\" >\n\t\t\tRead More \u00bb\t\t<\/a>\n\n\t\t\t\t<\/div>\n\t\t\t\t<\/article>\n\t\t\t\t<article class=\"elementor-post elementor-grid-item post-3013 post type-post status-publish format-standard has-post-thumbnail hentry category-blog\">\n\t\t\t\t<a class=\"elementor-post__thumbnail__link\" href=\"https:\/\/xinghuacasting.com\/pt\/innovaciones-diseno-rejillas-drenaje\/\" tabindex=\"-1\" >\n\t\t\t<div class=\"elementor-post__thumbnail\"><img loading=\"lazy\" decoding=\"async\" width=\"296\" height=\"300\" src=\"https:\/\/xinghuacasting.com\/wp-content\/uploads\/2026\/03\/image-1-296x300.png\" class=\"attachment-medium size-medium wp-image-3014\" alt=\"\" srcset=\"https:\/\/xinghuacasting.com\/wp-content\/uploads\/2026\/03\/image-1-296x300.png 296w, https:\/\/xinghuacasting.com\/wp-content\/uploads\/2026\/03\/image-1-12x12.png 12w, https:\/\/xinghuacasting.com\/wp-content\/uploads\/2026\/03\/image-1.png 466w\" sizes=\"(max-width: 296px) 100vw, 296px\" \/><\/div>\n\t\t<\/a>\n\t\t\t\t<div class=\"elementor-post__text\">\n\t\t\t\t<h3 class=\"elementor-post__title\">\n\t\t\t<a href=\"https:\/\/xinghuacasting.com\/pt\/innovaciones-diseno-rejillas-drenaje\/\" >\n\t\t\t\tInnovaciones de dise\u00f1o en rejillas de drenaje: tecnolog\u00eda, eficiencia hidr\u00e1ulica y durabilidad estructural\t\t\t<\/a>\n\t\t<\/h3>\n\t\t\t\t<div class=\"elementor-post__meta-data\">\n\t\t\t\t\t<span class=\"elementor-post-date\">\n\t\t\t2026-03-13\t\t<\/span>\n\t\t\t\t<\/div>\n\t\t\t\t<div class=\"elementor-post__excerpt\">\n\t\t\t<p>Innovaciones de dise\u00f1o en rejillas de drenaje: materiales avanzados, eficiencia hidr\u00e1ulica y soluciones inteligentes para ciudades modernas.<\/p>\n\t\t<\/div>\n\t\t\n\t\t<a class=\"elementor-post__read-more\" href=\"https:\/\/xinghuacasting.com\/pt\/innovaciones-diseno-rejillas-drenaje\/\" aria-label=\"Read more about Innovaciones de dise\u00f1o en rejillas de drenaje: tecnolog\u00eda, eficiencia hidr\u00e1ulica y durabilidad estructural\" tabindex=\"-1\" >\n\t\t\tRead More \u00bb\t\t<\/a>\n\n\t\t\t\t<\/div>\n\t\t\t\t<\/article>\n\t\t\t\t<article class=\"elementor-post elementor-grid-item post-3010 post type-post status-publish format-standard has-post-thumbnail hentry category-blog\">\n\t\t\t\t<a class=\"elementor-post__thumbnail__link\" href=\"https:\/\/xinghuacasting.com\/pt\/rejillas-drenaje-trafico-pesado\/\" tabindex=\"-1\" >\n\t\t\t<div class=\"elementor-post__thumbnail\"><img loading=\"lazy\" decoding=\"async\" width=\"297\" height=\"300\" src=\"https:\/\/xinghuacasting.com\/wp-content\/uploads\/2026\/03\/image-297x300.png\" class=\"attachment-medium size-medium wp-image-3011\" alt=\"\" srcset=\"https:\/\/xinghuacasting.com\/wp-content\/uploads\/2026\/03\/image-297x300.png 297w, https:\/\/xinghuacasting.com\/wp-content\/uploads\/2026\/03\/image-12x12.png 12w, https:\/\/xinghuacasting.com\/wp-content\/uploads\/2026\/03\/image.png 460w\" sizes=\"(max-width: 297px) 100vw, 297px\" \/><\/div>\n\t\t<\/a>\n\t\t\t\t<div class=\"elementor-post__text\">\n\t\t\t\t<h3 class=\"elementor-post__title\">\n\t\t\t<a href=\"https:\/\/xinghuacasting.com\/pt\/rejillas-drenaje-trafico-pesado\/\" >\n\t\t\t\tRejillas de drenaje para zonas de tr\u00e1fico pesado: dise\u00f1o estructural, normativa y rendimiento a largo plazo\t\t\t<\/a>\n\t\t<\/h3>\n\t\t\t\t<div class=\"elementor-post__meta-data\">\n\t\t\t\t\t<span class=\"elementor-post-date\">\n\t\t\t2026-03-03\t\t<\/span>\n\t\t\t\t<\/div>\n\t\t\t\t<div class=\"elementor-post__excerpt\">\n\t\t\t<p>Rejillas de drenaje para zonas de tr\u00e1fico pesado: normativa, materiales y dise\u00f1o estructural para m\u00e1xima seguridad y durabilidad.<\/p>\n\t\t<\/div>\n\t\t\n\t\t<a class=\"elementor-post__read-more\" href=\"https:\/\/xinghuacasting.com\/pt\/rejillas-drenaje-trafico-pesado\/\" aria-label=\"Read more about Rejillas de drenaje para zonas de tr\u00e1fico pesado: dise\u00f1o estructural, normativa y rendimiento a largo plazo\" tabindex=\"-1\" >\n\t\t\tRead More \u00bb\t\t<\/a>\n\n\t\t\t\t<\/div>\n\t\t\t\t<\/article>\n\t\t\t\t<article class=\"elementor-post elementor-grid-item post-3007 post type-post status-publish format-standard has-post-thumbnail hentry category-blog\">\n\t\t\t\t<a class=\"elementor-post__thumbnail__link\" href=\"https:\/\/xinghuacasting.com\/pt\/cantidad-minima-pedido-tapas-alcantarilla-exportacion\/\" tabindex=\"-1\" >\n\t\t\t<div class=\"elementor-post__thumbnail\"><img loading=\"lazy\" decoding=\"async\" width=\"296\" height=\"300\" src=\"https:\/\/xinghuacasting.com\/wp-content\/uploads\/2026\/03\/4489e994-5564-40ce-a432-8af78cc1490e-296x300.png\" class=\"attachment-medium size-medium wp-image-3008\" alt=\"\" srcset=\"https:\/\/xinghuacasting.com\/wp-content\/uploads\/2026\/03\/4489e994-5564-40ce-a432-8af78cc1490e-296x300.png 296w, https:\/\/xinghuacasting.com\/wp-content\/uploads\/2026\/03\/4489e994-5564-40ce-a432-8af78cc1490e-12x12.png 12w, https:\/\/xinghuacasting.com\/wp-content\/uploads\/2026\/03\/4489e994-5564-40ce-a432-8af78cc1490e.png 464w\" sizes=\"(max-width: 296px) 100vw, 296px\" \/><\/div>\n\t\t<\/a>\n\t\t\t\t<div class=\"elementor-post__text\">\n\t\t\t\t<h3 class=\"elementor-post__title\">\n\t\t\t<a href=\"https:\/\/xinghuacasting.com\/pt\/cantidad-minima-pedido-tapas-alcantarilla-exportacion\/\" >\n\t\t\t\tCantidad m\u00ednima de pedido para tapas de alcantarilla de exportaci\u00f3n: criterios t\u00e9cnicos, log\u00edsticos y comerciales\t\t\t<\/a>\n\t\t<\/h3>\n\t\t\t\t<div class=\"elementor-post__meta-data\">\n\t\t\t\t\t<span class=\"elementor-post-date\">\n\t\t\t2026-03-02\t\t<\/span>\n\t\t\t\t<\/div>\n\t\t\t\t<div class=\"elementor-post__excerpt\">\n\t\t\t<p>Cantidad m\u00ednima de pedido para tapas de alcantarilla de exportaci\u00f3n: costos, log\u00edstica y estrategias para optimizar volumen y precio.<\/p>\n\t\t<\/div>\n\t\t\n\t\t<a class=\"elementor-post__read-more\" href=\"https:\/\/xinghuacasting.com\/pt\/cantidad-minima-pedido-tapas-alcantarilla-exportacion\/\" aria-label=\"Read more about Cantidad m\u00ednima de pedido para tapas de alcantarilla de exportaci\u00f3n: criterios t\u00e9cnicos, log\u00edsticos y comerciales\" tabindex=\"-1\" >\n\t\t\tRead More \u00bb\t\t<\/a>\n\n\t\t\t\t<\/div>\n\t\t\t\t<\/article>\n\t\t\t\t<\/div>\n\t\t\n\t\t\t\t<div class=\"e-load-more-anchor\" data-page=\"1\" data-max-page=\"15\" data-next-page=\"https:\/\/xinghuacasting.com\/pt\/wp-json\/wp\/v2\/pages\/431\/page\/2\/\"><\/div>\n\t\t\t\t<nav class=\"elementor-pagination\" aria-label=\"Pagination\">\n\t\t\t<span class=\"page-numbers prev\">&laquo; <\/span>\n<span aria-current=\"page\" class=\"page-numbers current\"><span class=\"elementor-screen-only\">Page<\/span>1<\/span>\n<a class=\"page-numbers\" href=\"https:\/\/xinghuacasting.com\/pt\/wp-json\/wp\/v2\/pages\/431\/page\/2\/\"><span class=\"elementor-screen-only\">Page<\/span>2<\/a>\n<a class=\"page-numbers\" href=\"https:\/\/xinghuacasting.com\/pt\/wp-json\/wp\/v2\/pages\/431\/page\/3\/\"><span class=\"elementor-screen-only\">Page<\/span>3<\/a>\n<a class=\"page-numbers\" href=\"https:\/\/xinghuacasting.com\/pt\/wp-json\/wp\/v2\/pages\/431\/page\/4\/\"><span class=\"elementor-screen-only\">Page<\/span>4<\/a>\n<a class=\"page-numbers\" href=\"https:\/\/xinghuacasting.com\/pt\/wp-json\/wp\/v2\/pages\/431\/page\/5\/\"><span class=\"elementor-screen-only\">Page<\/span>5<\/a>\n<a class=\"page-numbers next\" href=\"https:\/\/xinghuacasting.com\/pt\/wp-json\/wp\/v2\/pages\/431\/page\/2\/\">&raquo;<\/a>\t\t<\/nav>\n\t\t\t\t\t\t<\/div>\n\t\t\t\t<\/div>\n\t\t\t\t\t<\/div>\n\t\t\t\t<\/div>\n\t\t\t\t<\/div>\n\t\t\t\t<\/div>","protected":false},"excerpt":{"rendered":"<p>Hogar<\/p>","protected":false},"author":1,"featured_media":0,"parent":0,"menu_order":0,"comment_status":"closed","ping_status":"closed","template":"","meta":{"footnotes":""},"class_list":["post-431","page","type-page","status-publish","hentry"],"_links":{"self":[{"href":"https:\/\/xinghuacasting.com\/pt\/wp-json\/wp\/v2\/pages\/431","targetHints":{"allow":["GET"]}}],"collection":[{"href":"https:\/\/xinghuacasting.com\/pt\/wp-json\/wp\/v2\/pages"}],"about":[{"href":"https:\/\/xinghuacasting.com\/pt\/wp-json\/wp\/v2\/types\/page"}],"author":[{"embeddable":true,"href":"https:\/\/xinghuacasting.com\/pt\/wp-json\/wp\/v2\/users\/1"}],"replies":[{"embeddable":true,"href":"https:\/\/xinghuacasting.com\/pt\/wp-json\/wp\/v2\/comments?post=431"}],"version-history":[{"count":7,"href":"https:\/\/xinghuacasting.com\/pt\/wp-json\/wp\/v2\/pages\/431\/revisions"}],"predecessor-version":[{"id":1798,"href":"https:\/\/xinghuacasting.com\/pt\/wp-json\/wp\/v2\/pages\/431\/revisions\/1798"}],"wp:attachment":[{"href":"https:\/\/xinghuacasting.com\/pt\/wp-json\/wp\/v2\/media?parent=431"}],"curies":[{"name":"wp","href":"https:\/\/api.w.org\/{rel}","templated":true}]}}